{"id":20,"date":"2019-07-23T10:03:45","date_gmt":"2019-07-23T10:03:45","guid":{"rendered":"http:\/\/sismar.myscispot.eu\/?page_id=20"},"modified":"2022-02-04T17:10:42","modified_gmt":"2022-02-04T17:10:42","slug":"resultados","status":"publish","type":"page","link":"http:\/\/sismar.myscispot.eu\/index.php\/resultados\/","title":{"rendered":"Not\u00edcias"},"content":{"rendered":"\n<figure class=\"wp-block-table\"><table><tbody><tr><td><strong>Atividade<\/strong><\/td><td><\/td><\/tr><tr><td>T\u00edtulo<\/td><td>Estudar as Mar\u00e9s na Ria de Aveiro<\/td><\/tr><tr><td>Nome do participante<\/td><td>Jo\u00e3o Miguel Dias<\/td><\/tr><tr><td>Evento<\/td><td>Ci\u00eancia com Impacto &#8211; Parceria CESAM \/ Di\u00e1rio de Not\u00edcias \/Bondalti<\/td><\/tr><tr><td>URL<\/td><td><a href=\"https:\/\/cienciacomimpacto.pt\/pt\/media\/podcasts\/podcast-t1e6-joao-dias-estudar-mares-ria-aveiro\" class=\"\">https:\/\/cienciacomimpacto.pt\/pt\/media\/podcasts\/podcast-t1e6-joao-dias-estudar-mares-ria-aveiro<\/a><\/td><\/tr><tr><td>Tipo<\/td><td>Entrevista de divulga\u00e7\u00e3o cient\u00edfica, com divulga\u00e7\u00e3o atrav\u00e9s de um podcast e publica\u00e7\u00e3o de not\u00edcia no Di\u00e1rio de Not\u00edcias<\/td><\/tr><tr><td>Data<\/td><td>21\/10\/2020<\/td><\/tr><tr><td>P\u00fablico-alvo<\/td><td>Gen\u00e9rico<\/td><\/tr><\/tbody><\/table><\/figure>\n\n\n\n<figure class=\"wp-block-table\"><table><tbody><tr><td><strong>Atividade<\/strong><\/td><td><\/td><\/tr><tr><td>T\u00edtulo<\/td><td>Assoreamento na Ria de Aveiro<\/td><\/tr><tr><td>Nome do participante<\/td><td>Jo\u00e3o Miguel Dias<\/td><\/tr><tr><td>Evento<\/td><td>Desmascarar a Ci\u00eancia \u2013 Organiza\u00e7\u00e3o FISUA<\/td><\/tr><tr><td>URL<\/td><td><a href=\"https:\/\/www.facebook.com\/fisua.pt\/videos\/957345434753852\/\" class=\"\">https:\/\/www.facebook.com\/fisua.pt\/videos\/957345434753852\/<\/a><\/td><\/tr><tr><td>Tipo<\/td><td>Exposi\u00e7\u00e3o de conte\u00fados (palestra), seguida de entrevista, emitida no Facebook e com interven\u00e7\u00e3o da audi\u00eancia<\/td><\/tr><tr><td>Data<\/td><td>11\/11\/2020<\/td><\/tr><tr><td>P\u00fablico-alvo<\/td><td>Gen\u00e9rico<\/td><\/tr><\/tbody><\/table><\/figure>\n\n\n\n<figure class=\"wp-block-table\"><table><tbody><tr><td><strong>Atividade<\/strong><\/td><td><\/td><\/tr><tr><td>T\u00edtulo<\/td><td>Altera\u00e7\u00f5es Clim\u00e1ticas: a Ria de Aveiro<\/td><\/tr><tr><td>Nome do participante<\/td><td>Jo\u00e3o Miguel Dias<\/td><\/tr><tr><td>Evento<\/td><td>VideoConfer\u00eancia Organiza\u00e7\u00e3o Concelhia de Ovar da Juventude Socialista \/ R\u00e1dio Antena Vareira<\/td><\/tr><tr><td>URL<\/td><td><a href=\"https:\/\/www.facebook.com\/jsovar\/videos\/429957028390985\" class=\"\">https:\/\/www.facebook.com\/jsovar\/videos\/429957028390985<\/a><\/td><\/tr><tr><td>Tipo<\/td><td>Entrevista emitida no Facebook e na AvFM &#8211; R\u00e1dio Antena Vareira, com interven\u00e7\u00e3o da audi\u00eancia<\/td><\/tr><tr><td>Data<\/td><td>28\/11\/2020<\/td><\/tr><tr><td>P\u00fablico-alvo<\/td><td>Gen\u00e9rico<\/td><\/tr><\/tbody><\/table><\/figure>\n","protected":false},"excerpt":{"rendered":"<p>Atividade T\u00edtulo Estudar as Mar\u00e9s na Ria de Aveiro Nome do participante Jo\u00e3o Miguel Dias Evento Ci\u00eancia com Impacto &#8211; Parceria CESAM \/ Di\u00e1rio de Not\u00edcias \/Bondalti URL https:\/\/cienciacomimpacto.pt\/pt\/media\/podcasts\/podcast-t1e6-joao-dias-estudar-mares-ria-aveiro Tipo Entrevista de divulga\u00e7\u00e3o cient\u00edfica, com divulga\u00e7\u00e3o atrav\u00e9s de um podcast e publica\u00e7\u00e3o de not\u00edcia no Di\u00e1rio de Not\u00edcias Data 21\/10\/2020 P\u00fablico-alvo Gen\u00e9rico Atividade T\u00edtulo Assoreamento &hellip; <\/p>\n<p class=\"link-more\"><a href=\"http:\/\/sismar.myscispot.eu\/index.php\/resultados\/\" class=\"more-link\">Continue reading<span class=\"screen-reader-text\"> &#8220;Not\u00edcias&#8221;<\/span><\/a><\/p>\n","protected":false},"author":3,"featured_media":0,"parent":0,"menu_order":0,"comment_status":"closed","ping_status":"closed","template":"","meta":[],"_links":{"self":[{"href":"http:\/\/sismar.myscispot.eu\/index.php\/wp-json\/wp\/v2\/pages\/20"}],"collection":[{"href":"http:\/\/sismar.myscispot.eu\/index.php\/wp-json\/wp\/v2\/pages"}],"about":[{"href":"http:\/\/sismar.myscispot.eu\/index.php\/wp-json\/wp\/v2\/types\/page"}],"author":[{"embeddable":true,"href":"http:\/\/sismar.myscispot.eu\/index.php\/wp-json\/wp\/v2\/users\/3"}],"replies":[{"embeddable":true,"href":"http:\/\/sismar.myscispot.eu\/index.php\/wp-json\/wp\/v2\/comments?post=20"}],"version-history":[{"count":7,"href":"http:\/\/sismar.myscispot.eu\/index.php\/wp-json\/wp\/v2\/pages\/20\/revisions"}],"predecessor-version":[{"id":257,"href":"http:\/\/sismar.myscispot.eu\/index.php\/wp-json\/wp\/v2\/pages\/20\/revisions\/257"}],"wp:attachment":[{"href":"http:\/\/sismar.myscispot.eu\/index.php\/wp-json\/wp\/v2\/media?parent=20"}],"curies":[{"name":"wp","href":"https:\/\/api.w.org\/{rel}","templated":true}]}}