{"id":90,"date":"2019-07-23T14:39:49","date_gmt":"2019-07-23T14:39:49","guid":{"rendered":"http:\/\/sismar.myscispot.eu\/?page_id=90"},"modified":"2020-01-17T15:43:44","modified_gmt":"2020-01-17T15:43:44","slug":"pacotes-de-trabalho","status":"publish","type":"page","link":"http:\/\/sismar.myscispot.eu\/index.php\/pacotes-de-trabalho\/","title":{"rendered":"Pacotes de Trabalho"},"content":{"rendered":"\n<p><strong><a href=\"http:\/\/sismar.myscispot.eu\/index.php\/wp1-desenho-do-sistema-e-prototipagem\/\">WP1: Desenho do sistema e prototipagem <\/a><\/strong><\/p>\n\n\n\n<p><strong><a href=\"http:\/\/sismar.myscispot.eu\/index.php\/wp2-desenvolvimento-e-instalacao-modular\/\">WP2: Desenvolvimento e instala\u00e7\u00e3o modular<\/a><\/strong><\/p>\n\n\n\n<p><strong><a href=\"http:\/\/sismar.myscispot.eu\/index.php\/wp3-integracao-e-operacao\/\">WP3: Integra\u00e7\u00e3o e opera\u00e7\u00e3o<\/a><\/strong><\/p>\n\n\n\n<p><strong><a href=\"http:\/\/sismar.myscispot.eu\/index.php\/wp4-gestao-e-coordenacao\/\">WP4: Gest\u00e3o e Coordena\u00e7\u00e3o<\/a><\/strong><\/p>\n","protected":false},"excerpt":{"rendered":"<p>WP1: Desenho do sistema e prototipagem WP2: Desenvolvimento e instala\u00e7\u00e3o modular WP3: Integra\u00e7\u00e3o e opera\u00e7\u00e3o WP4: Gest\u00e3o e Coordena\u00e7\u00e3o<\/p>\n","protected":false},"author":3,"featured_media":0,"parent":0,"menu_order":0,"comment_status":"closed","ping_status":"closed","template":"","meta":[],"_links":{"self":[{"href":"http:\/\/sismar.myscispot.eu\/index.php\/wp-json\/wp\/v2\/pages\/90"}],"collection":[{"href":"http:\/\/sismar.myscispot.eu\/index.php\/wp-json\/wp\/v2\/pages"}],"about":[{"href":"http:\/\/sismar.myscispot.eu\/index.php\/wp-json\/wp\/v2\/types\/page"}],"author":[{"embeddable":true,"href":"http:\/\/sismar.myscispot.eu\/index.php\/wp-json\/wp\/v2\/users\/3"}],"replies":[{"embeddable":true,"href":"http:\/\/sismar.myscispot.eu\/index.php\/wp-json\/wp\/v2\/comments?post=90"}],"version-history":[{"count":3,"href":"http:\/\/sismar.myscispot.eu\/index.php\/wp-json\/wp\/v2\/pages\/90\/revisions"}],"predecessor-version":[{"id":198,"href":"http:\/\/sismar.myscispot.eu\/index.php\/wp-json\/wp\/v2\/pages\/90\/revisions\/198"}],"wp:attachment":[{"href":"http:\/\/sismar.myscispot.eu\/index.php\/wp-json\/wp\/v2\/media?parent=90"}],"curies":[{"name":"wp","href":"https:\/\/api.w.org\/{rel}","templated":true}]}}