{"id":17,"date":"2019-07-23T10:02:13","date_gmt":"2019-07-23T10:02:13","guid":{"rendered":"http:\/\/sismar.myscispot.eu\/?page_id=17"},"modified":"2019-07-23T14:32:03","modified_gmt":"2019-07-23T14:32:03","slug":"objetivos","status":"publish","type":"page","link":"https:\/\/sismar.myscispot.eu\/index.php\/objetivos\/","title":{"rendered":"Objetivos"},"content":{"rendered":"\n<p>O\nprojeto SISMAR consiste no desenvolvimento de um sistema de suporte \u00e0 an\u00e1lise\nde risco das opera\u00e7\u00f5es do mar com base na previs\u00e3o e monitoriza\u00e7\u00e3o do ambiente\nmarinho e na localiza\u00e7\u00e3o das embarca\u00e7\u00f5es, visando promover um aumento significativo\nda seguran\u00e7a na navega\u00e7\u00e3o em \u00e1guas interiores. Neste contexto, s\u00e3o sub-objetivos\nespec\u00edficos deste projeto:<\/p>\n\n\n\n<ul><li>Desenvolver e instalar um sistema de\nmedi\u00e7\u00e3o da visibilidade, de forma a mitigar o elevado risco para a navega\u00e7\u00e3o\nmar\u00edtima decorrente da aus\u00eancia desta informa\u00e7\u00e3o;<\/li><li>Desenvolver e instalar um sistema de\nmonitoriza\u00e7\u00e3o da localiza\u00e7\u00e3o e profundidade das embarca\u00e7\u00f5es de pesca e recreio,\nque permita a constru\u00e7\u00e3o de uma base de dados de rotas naveg\u00e1veis e\nconsequentemente a partilha de experi\u00eancias de navega\u00e7\u00e3o;<\/li><li>Testar e validar o sistema na zona da Ria\nde Aveiro, e analisara sua expans\u00e3o para outras \u00e1reas da costa Portuguesa.<\/li><\/ul>\n\n\n\n<p>O\nsistema a desenvolver integrar\u00e1:<\/p>\n\n\n\n<ol><li>O sistema de previs\u00f5es meteorol\u00f3gicas e oceanogr\u00e1ficas existente para a zona de Aveiro, baseado na plataforma AQUASAFE;<\/li><li>Dados hist\u00f3ricos de localiza\u00e7\u00e3o AIS;<\/li><li>Um sistema de monitoriza\u00e7\u00e3o da localiza\u00e7\u00e3o e profundidade a instalar em embarca\u00e7\u00f5es de recreio e de pesca;<\/li><li> Um sistema de medi\u00e7\u00e3o e previs\u00e3o da visibilidade.  <\/li><\/ol>\n\n\n\n<p> <\/p>\n","protected":false},"excerpt":{"rendered":"<p>O projeto SISMAR consiste no desenvolvimento de um sistema de suporte \u00e0 an\u00e1lise de risco das opera\u00e7\u00f5es do mar com base na previs\u00e3o e monitoriza\u00e7\u00e3o do ambiente marinho e na localiza\u00e7\u00e3o das embarca\u00e7\u00f5es, visando promover um aumento significativo da seguran\u00e7a na navega\u00e7\u00e3o em \u00e1guas interiores. Neste contexto, s\u00e3o sub-objetivos espec\u00edficos deste projeto: Desenvolver e instalar &hellip; <\/p>\n<p class=\"link-more\"><a href=\"https:\/\/sismar.myscispot.eu\/index.php\/objetivos\/\" class=\"more-link\">Continue reading<span class=\"screen-reader-text\"> &#8220;Objetivos&#8221;<\/span><\/a><\/p>\n","protected":false},"author":3,"featured_media":0,"parent":0,"menu_order":0,"comment_status":"closed","ping_status":"closed","template":"","meta":[],"_links":{"self":[{"href":"https:\/\/sismar.myscispot.eu\/index.php\/wp-json\/wp\/v2\/pages\/17"}],"collection":[{"href":"https:\/\/sismar.myscispot.eu\/index.php\/wp-json\/wp\/v2\/pages"}],"about":[{"href":"https:\/\/sismar.myscispot.eu\/index.php\/wp-json\/wp\/v2\/types\/page"}],"author":[{"embeddable":true,"href":"https:\/\/sismar.myscispot.eu\/index.php\/wp-json\/wp\/v2\/users\/3"}],"replies":[{"embeddable":true,"href":"https:\/\/sismar.myscispot.eu\/index.php\/wp-json\/wp\/v2\/comments?post=17"}],"version-history":[{"count":3,"href":"https:\/\/sismar.myscispot.eu\/index.php\/wp-json\/wp\/v2\/pages\/17\/revisions"}],"predecessor-version":[{"id":88,"href":"https:\/\/sismar.myscispot.eu\/index.php\/wp-json\/wp\/v2\/pages\/17\/revisions\/88"}],"wp:attachment":[{"href":"https:\/\/sismar.myscispot.eu\/index.php\/wp-json\/wp\/v2\/media?parent=17"}],"curies":[{"name":"wp","href":"https:\/\/api.w.org\/{rel}","templated":true}]}}