{"id":24,"date":"2019-07-23T10:04:14","date_gmt":"2019-07-23T10:04:14","guid":{"rendered":"http:\/\/sismar.myscispot.eu\/?page_id=24"},"modified":"2020-06-26T14:16:08","modified_gmt":"2020-06-26T14:16:08","slug":"links-uteis","status":"publish","type":"page","link":"https:\/\/sismar.myscispot.eu\/index.php\/links-uteis\/","title":{"rendered":"Links"},"content":{"rendered":"\n<p><a href=\"http:\/\/www.nmec.eu\/\">NMEC \u2013 N\u00facleo de Modela\u00e7\u00e3o Estuarina e Costeira<\/a><\/p>\n\n\n\n<p><a href=\"https:\/\/digimedia.web.ua.pt\/\">DigiMedia &#8211; digital media and interaction research centre<\/a><\/p>\n\n\n\n<p><a href=\"http:\/\/www.cesam.ua.pt\/\">CESAM \u2013 Centro de Estudos do Ambiente e do Mar<\/a><\/p>\n\n\n\n<p><a href=\"https:\/\/hidromod.com\/home-pt\/\">Hidromod &#8211; Modela\u00e7\u00e3o em Engenharia, Lda. <\/a><\/p>\n\n\n\n<p><a href=\"https:\/\/www.wavec.org\/\">Wavec &#8211; Offshore Renewables<\/a><\/p>\n\n\n\n<p><a href=\"http:\/\/ww2.portodeaveiro.pt\/\">Administra\u00e7\u00e3o do Porto de Aveiro<\/a><\/p>\n\n\n\n<p><a href=\"http:\/\/nado-ovar.blogspot.com\/\">NADO &#8211; N\u00e1utica Desportiva Ovarense<\/a><\/p>\n\n\n\n<p><a href=\"http:\/\/cenariovar.org\/\">CEN\u00c1RIO &#8211; Centro N\u00e1utico da Ria de Ovar<\/a><\/p>\n\n\n\n<p><a href=\"https:\/\/aveiro.hidromod.com\/meteo\/\">Aquasafe do Porto de Aveiro<\/a><\/p>\n","protected":false},"excerpt":{"rendered":"<p>NMEC \u2013 N\u00facleo de Modela\u00e7\u00e3o Estuarina e Costeira DigiMedia &#8211; digital media and interaction research centre CESAM \u2013 Centro de Estudos do Ambiente e do Mar Hidromod &#8211; Modela\u00e7\u00e3o em Engenharia, Lda. Wavec &#8211; Offshore Renewables Administra\u00e7\u00e3o do Porto de Aveiro NADO &#8211; N\u00e1utica Desportiva Ovarense CEN\u00c1RIO &#8211; Centro N\u00e1utico da Ria de Ovar Aquasafe &hellip; <\/p>\n<p class=\"link-more\"><a href=\"https:\/\/sismar.myscispot.eu\/index.php\/links-uteis\/\" class=\"more-link\">Continue reading<span class=\"screen-reader-text\"> &#8220;Links&#8221;<\/span><\/a><\/p>\n","protected":false},"author":3,"featured_media":0,"parent":0,"menu_order":0,"comment_status":"closed","ping_status":"closed","template":"","meta":[],"_links":{"self":[{"href":"https:\/\/sismar.myscispot.eu\/index.php\/wp-json\/wp\/v2\/pages\/24"}],"collection":[{"href":"https:\/\/sismar.myscispot.eu\/index.php\/wp-json\/wp\/v2\/pages"}],"about":[{"href":"https:\/\/sismar.myscispot.eu\/index.php\/wp-json\/wp\/v2\/types\/page"}],"author":[{"embeddable":true,"href":"https:\/\/sismar.myscispot.eu\/index.php\/wp-json\/wp\/v2\/users\/3"}],"replies":[{"embeddable":true,"href":"https:\/\/sismar.myscispot.eu\/index.php\/wp-json\/wp\/v2\/comments?post=24"}],"version-history":[{"count":6,"href":"https:\/\/sismar.myscispot.eu\/index.php\/wp-json\/wp\/v2\/pages\/24\/revisions"}],"predecessor-version":[{"id":237,"href":"https:\/\/sismar.myscispot.eu\/index.php\/wp-json\/wp\/v2\/pages\/24\/revisions\/237"}],"wp:attachment":[{"href":"https:\/\/sismar.myscispot.eu\/index.php\/wp-json\/wp\/v2\/media?parent=24"}],"curies":[{"name":"wp","href":"https:\/\/api.w.org\/{rel}","templated":true}]}}