{"id":45,"date":"2019-07-23T10:15:12","date_gmt":"2019-07-23T10:15:12","guid":{"rendered":"http:\/\/sismar.myscispot.eu\/?page_id=45"},"modified":"2021-12-22T16:50:18","modified_gmt":"2021-12-22T16:50:18","slug":"inicio","status":"publish","type":"page","link":"https:\/\/sismar.myscispot.eu\/","title":{"rendered":"In\u00edcio"},"content":{"rendered":"\n<p>A\nnavega\u00e7\u00e3o em seguran\u00e7a em \u00e1guas interiores, nomeadamente em canais ou pr\u00f3ximo\nde terra, requer previs\u00f5es dedicadas de um conjunto significativo de vari\u00e1veis\nmeteorol\u00f3gicas e oceanogr\u00e1ficas, das quais se destacam pela sua import\u00e2ncia o\nn\u00edvel do mar, as correntes, o vento, a visibilidade e a agita\u00e7\u00e3o mar\u00edtima.\nAdicionalmente, h\u00e1 maior dificuldade de navega\u00e7\u00e3o em \u00e1guas interiores quando\nn\u00e3o existe balizagem oficial instalada localmente, o que coloca um conjunto\nacrescido de problemas de seguran\u00e7a.<\/p>\n\n\n\n<p>O\nprojeto SISMAR tem por objetivo desenvolver um sistema agrupando um conjunto de\noutros subsistemas, alguns em funcionamento operacional, que permitem melhorar\na previs\u00e3o e interpreta\u00e7\u00e3o das vari\u00e1veis meteorol\u00f3gicas e oceanogr\u00e1ficas,\natrav\u00e9s da instala\u00e7\u00e3o de equipamento de monitoriza\u00e7\u00e3o dedicado e da\ndisponibiliza\u00e7\u00e3o de um resumo das decis\u00f5es tomadas anteriormente para a\nnavega\u00e7\u00e3o em condi\u00e7\u00f5es similares por embarca\u00e7\u00f5es semelhantes. <\/p>\n\n\n\n<p>O projeto ter\u00e1 como tr\u00eas resultados principais: uma aplica\u00e7\u00e3o m\u00f3vel para a avalia\u00e7\u00e3o da seguran\u00e7a da navega\u00e7\u00e3o, um sistema de gest\u00e3o de dados e um sistema de previs\u00f5es. As associa\u00e7\u00f5es de pesca e n\u00e1utica de recreio (APARA, CENARIO e NADO) facilitar\u00e3o o acesso aos utilizadores finais para a correta adequa\u00e7\u00e3o dos sistemas a desenvolver \u00e0s necessidades dos utilizadores.<\/p>\n\n\n\n<p><strong>Palavras-chave: <\/strong>Monitoriza\u00e7\u00e3o\ndo Ambiente Marinho; Seguran\u00e7a Mar\u00edtima; Aplica\u00e7\u00e3o M\u00f3vel; Ria de Aveiro<\/p>\n\n\n\n<p><strong>Projeto:<\/strong>\nFundo Azul (FA_04_2017_009)<\/p>\n\n\n\n<p class=\"has-text-align-left\"><strong>Dura\u00e7\u00e3o: <\/strong>Abril 2019 &#8211; Setembro 2021<\/p>\n\n\n\n<p><strong>Entidade Financiadora: <\/strong>Fundo\nAzul<\/p>\n","protected":false},"excerpt":{"rendered":"<p>A navega\u00e7\u00e3o em seguran\u00e7a em \u00e1guas interiores, nomeadamente em canais ou pr\u00f3ximo de terra, requer previs\u00f5es dedicadas de um conjunto significativo de vari\u00e1veis meteorol\u00f3gicas e oceanogr\u00e1ficas, das quais se destacam pela sua import\u00e2ncia o n\u00edvel do mar, as correntes, o vento, a visibilidade e a agita\u00e7\u00e3o mar\u00edtima. Adicionalmente, h\u00e1 maior dificuldade de navega\u00e7\u00e3o em \u00e1guas &hellip; <\/p>\n<p class=\"link-more\"><a href=\"https:\/\/sismar.myscispot.eu\/\" class=\"more-link\">Continue reading<span class=\"screen-reader-text\"> &#8220;In\u00edcio&#8221;<\/span><\/a><\/p>\n","protected":false},"author":3,"featured_media":0,"parent":0,"menu_order":-1,"comment_status":"closed","ping_status":"closed","template":"","meta":[],"_links":{"self":[{"href":"https:\/\/sismar.myscispot.eu\/index.php\/wp-json\/wp\/v2\/pages\/45"}],"collection":[{"href":"https:\/\/sismar.myscispot.eu\/index.php\/wp-json\/wp\/v2\/pages"}],"about":[{"href":"https:\/\/sismar.myscispot.eu\/index.php\/wp-json\/wp\/v2\/types\/page"}],"author":[{"embeddable":true,"href":"https:\/\/sismar.myscispot.eu\/index.php\/wp-json\/wp\/v2\/users\/3"}],"replies":[{"embeddable":true,"href":"https:\/\/sismar.myscispot.eu\/index.php\/wp-json\/wp\/v2\/comments?post=45"}],"version-history":[{"count":7,"href":"https:\/\/sismar.myscispot.eu\/index.php\/wp-json\/wp\/v2\/pages\/45\/revisions"}],"predecessor-version":[{"id":247,"href":"https:\/\/sismar.myscispot.eu\/index.php\/wp-json\/wp\/v2\/pages\/45\/revisions\/247"}],"wp:attachment":[{"href":"https:\/\/sismar.myscispot.eu\/index.php\/wp-json\/wp\/v2\/media?parent=45"}],"curies":[{"name":"wp","href":"https:\/\/api.w.org\/{rel}","templated":true}]}}