{"id":7,"date":"2019-07-17T14:01:31","date_gmt":"2019-07-17T14:01:31","guid":{"rendered":"http:\/\/sismar.myscispot.eu\/?page_id=7"},"modified":"2020-01-24T10:26:33","modified_gmt":"2020-01-24T10:26:33","slug":"equipa","status":"publish","type":"page","link":"https:\/\/sismar.myscispot.eu\/index.php\/equipa\/","title":{"rendered":"Equipa do Projeto"},"content":{"rendered":"\n<p class=\"has-medium-font-size\"><strong><a href=\"https:\/\/hidromod.com\/home-pt\/\">HIDROMOD<\/a><\/strong><\/p>\n\n\n\n<p><a href=\"https:\/\/hidromod.com\/home-pt\/empresa\/\">Jos\u00e9 Chambel Leit\u00e3o<\/a><\/p>\n\n\n\n<p><a href=\"https:\/\/hidromod.com\/home-pt\/empresa\/\">Ad\u00e9lio Silva<\/a><\/p>\n\n\n\n<p><a href=\"https:\/\/hidromod.com\/home-pt\/empresa\/\">Paulo Chambel Leit\u00e3o<\/a><\/p>\n\n\n\n<p><a href=\"https:\/\/hidromod.com\/home-pt\/empresa\/\">Pedro Galv\u00e3o<\/a><\/p>\n\n\n\n<p class=\"has-medium-font-size\"><strong><a href=\"http:\/\/www.ua.pt\">Universidade de Aveiro<\/a><\/strong><\/p>\n\n\n\n<p><a href=\"http:\/\/www.cesam.ua.pt\/index.php?tabela=pessoaldetail&amp;menu=198&amp;user=110\">Jo\u00e3o Miguel Dias<\/a><\/p>\n\n\n\n<p><a href=\"https:\/\/digimedia.web.ua.pt\/archives\/team\/jorge-ferraz-de-abreu\">Jorge Ferraz de Abreu<\/a><\/p>\n\n\n\n<p><a href=\"http:\/\/www.cesam.ua.pt\/index.php?tabela=pessoaldetail&amp;menu=95&amp;user=436\">Carina Lopes<\/a><\/p>\n\n\n\n<p><a href=\"http:\/\/www.cesam.ua.pt\/index.php?tabela=pessoaldetail&amp;menu=82&amp;user=358\">Magda Sousa<\/a><\/p>\n\n\n\n<p><a href=\"http:\/\/www.cesam.ua.pt\/index.php?tabela=pessoaldetail&amp;menu=82&amp;user=205\">Nuno Vaz<\/a><\/p>\n\n\n\n<p><a href=\"http:\/\/nowup.web.ua.pt\/?page_id=7655\">Diogo Carvalho<\/a><\/p>\n\n\n\n<p class=\"has-medium-font-size\"><strong><a href=\"https:\/\/www.wavec.org\/\">WAVEC<\/a><\/strong><\/p>\n\n\n\n<p><a href=\"https:\/\/www.wavec.org\/pt\/sobre-nos\">Paulo Chainho<\/a><\/p>\n\n\n\n<p><a href=\"https:\/\/www.wavec.org\/pt\/sobre-nos\">Gon\u00e7alo Fonseca<\/a><\/p>\n\n\n\n<p class=\"has-medium-font-size\"><strong>APARA\n&#8211; Associa\u00e7\u00e3o Pesca Artesanal Regi\u00e3o de Aveiro<\/strong><\/p>\n\n\n\n<p class=\"has-medium-font-size\"><strong><a href=\"http:\/\/cenariovar.org\/\">CEN\u00c1RIO &#8211; Centro N\u00e1utico da Ria de Ovar<\/a><\/strong><\/p>\n\n\n\n<p class=\"has-medium-font-size\"><strong><a href=\"http:\/\/nado-ovar.blogspot.com\/\">NADO &#8211; N\u00e1utica Desportiva Ovarense<\/a><\/strong><\/p>\n","protected":false},"excerpt":{"rendered":"<p>HIDROMOD Jos\u00e9 Chambel Leit\u00e3o Ad\u00e9lio Silva Paulo Chambel Leit\u00e3o Pedro Galv\u00e3o Universidade de Aveiro Jo\u00e3o Miguel Dias Jorge Ferraz de Abreu Carina Lopes Magda Sousa Nuno Vaz Diogo Carvalho WAVEC Paulo Chainho Gon\u00e7alo Fonseca APARA &#8211; Associa\u00e7\u00e3o Pesca Artesanal Regi\u00e3o de Aveiro CEN\u00c1RIO &#8211; Centro N\u00e1utico da Ria de Ovar NADO &#8211; N\u00e1utica Desportiva Ovarense<\/p>\n","protected":false},"author":3,"featured_media":0,"parent":0,"menu_order":0,"comment_status":"closed","ping_status":"closed","template":"","meta":[],"_links":{"self":[{"href":"https:\/\/sismar.myscispot.eu\/index.php\/wp-json\/wp\/v2\/pages\/7"}],"collection":[{"href":"https:\/\/sismar.myscispot.eu\/index.php\/wp-json\/wp\/v2\/pages"}],"about":[{"href":"https:\/\/sismar.myscispot.eu\/index.php\/wp-json\/wp\/v2\/types\/page"}],"author":[{"embeddable":true,"href":"https:\/\/sismar.myscispot.eu\/index.php\/wp-json\/wp\/v2\/users\/3"}],"replies":[{"embeddable":true,"href":"https:\/\/sismar.myscispot.eu\/index.php\/wp-json\/wp\/v2\/comments?post=7"}],"version-history":[{"count":10,"href":"https:\/\/sismar.myscispot.eu\/index.php\/wp-json\/wp\/v2\/pages\/7\/revisions"}],"predecessor-version":[{"id":224,"href":"https:\/\/sismar.myscispot.eu\/index.php\/wp-json\/wp\/v2\/pages\/7\/revisions\/224"}],"wp:attachment":[{"href":"https:\/\/sismar.myscispot.eu\/index.php\/wp-json\/wp\/v2\/media?parent=7"}],"curies":[{"name":"wp","href":"https:\/\/api.w.org\/{rel}","templated":true}]}}