{"id":92,"date":"2019-07-23T14:50:56","date_gmt":"2019-07-23T14:50:56","guid":{"rendered":"http:\/\/sismar.myscispot.eu\/?page_id=92"},"modified":"2019-07-24T16:09:17","modified_gmt":"2019-07-24T16:09:17","slug":"wp1-desenho-do-sistema-e-prototipagem","status":"publish","type":"page","link":"https:\/\/sismar.myscispot.eu\/index.php\/wp1-desenho-do-sistema-e-prototipagem\/","title":{"rendered":"WP1: Desenho do sistema e prototipagem"},"content":{"rendered":"\n<p><strong>In\u00edcio: Abril de 2019 <\/strong><\/p>\n\n\n\n<p><strong>Conclus\u00e3o: Setembro de 2019<\/strong><\/p>\n\n\n\n<p><strong>Tarefa\n1.1: <\/strong>Requisitos\nglobais de utiliza\u00e7\u00e3o e visualiza\u00e7\u00e3o <\/p>\n\n\n\n<p><strong>Respons\u00e1vel\npela atividade: <\/strong>HIDROMOD<\/p>\n\n\n\n<p><strong>Objetivo:<\/strong> Defini\u00e7\u00e3o de requisitos do sistema a desenvolver, tendo em conta a integra\u00e7\u00e3o das componentes de software e hardware a desenvolver no projeto. <\/p>\n\n\n\n<p><strong>Tarefa\n1.2: <\/strong>Aquisi\u00e7\u00e3o e\npartilha de dados de localiza\u00e7\u00e3o e profundidade<\/p>\n\n\n\n<p><strong>Respons\u00e1vel\npela atividade: <\/strong>UA<\/p>\n\n\n\n<p><strong>Objetivo:<\/strong> Levantamento do estado da arte ao n\u00edvel dos equipamentos que representam a melhor solu\u00e7\u00e3o custo\/benef\u00edcio para a componente de aquisi\u00e7\u00e3o e partilha (transmiss\u00e3o) de dados de localiza\u00e7\u00e3o e profundidade.<\/p>\n\n\n\n<p><strong>Tarefa\n1.3: <\/strong>Monitoriza\u00e7\u00e3o\nda visibilidade <\/p>\n\n\n\n<p><strong>Respons\u00e1vel\npela atividade: <\/strong>WAVEC<\/p>\n\n\n\n<p><strong>Objetivos:<\/strong> Desenho e conce\u00e7\u00e3o do sistema de monitoriza\u00e7\u00e3o remota para ambiente marinho que seja capaz de identificar a visibilidade em tempo real;<br>Avalia\u00e7\u00e3o de locais de instala\u00e7\u00e3o, liga\u00e7\u00e3o \u00e0 rede el\u00e9trica e de dados, e log\u00edstica de manuten\u00e7\u00e3o;<br>Instala\u00e7\u00e3o de equipamentos de teste com liga\u00e7\u00e3o \u00e0 plataforma de gest\u00e3o de dados. <\/p>\n\n\n\n<p><strong>Tarefa\n1.4: <\/strong>Interface\nM\u00f3vel <\/p>\n\n\n\n<p><strong>Respons\u00e1vel\npela atividade: <\/strong>UA<\/p>\n\n\n\n<p><strong>Objetivos:<\/strong>  Especifica\u00e7\u00e3o e prototipagem \u00e1gil da interface de utilizador da plataforma m\u00f3vel tirando  partido dos modelos hidrodin\u00e2micos dispon\u00edveis na plataforma AQUASAFE e de  par\u00e2metros iniciais como as posi\u00e7\u00f5es inicial e final, calado da embarca\u00e7\u00e3o e velocidade estimada de deslocamento; <br>Desenho de um algoritmo de c\u00e1lculo da melhor rota.   <\/p>\n\n\n\n<p><strong>Tarefa\n1.5: <\/strong>Modelo de\nDados <\/p>\n\n\n\n<p><strong>Respons\u00e1vel\npela atividade: <\/strong>HIDROMOD<\/p>\n\n\n\n<p><strong>Objetivo:<\/strong> Defini\u00e7\u00e3o de todos os detalhes envolvidos nos formatos de ficheiros, estrutura de dados a recolher, armazenamento, indexa\u00e7\u00e3o, frequ\u00eancia de atualiza\u00e7\u00e3o e formatos de leitura para as aplica\u00e7\u00f5es clientes.<\/p>\n\n\n\n<p><\/p>\n","protected":false},"excerpt":{"rendered":"<p>In\u00edcio: Abril de 2019 Conclus\u00e3o: Setembro de 2019 Tarefa 1.1: Requisitos globais de utiliza\u00e7\u00e3o e visualiza\u00e7\u00e3o Respons\u00e1vel pela atividade: HIDROMOD Objetivo: Defini\u00e7\u00e3o de requisitos do sistema a desenvolver, tendo em conta a integra\u00e7\u00e3o das componentes de software e hardware a desenvolver no projeto. Tarefa 1.2: Aquisi\u00e7\u00e3o e partilha de dados de localiza\u00e7\u00e3o e profundidade Respons\u00e1vel &hellip; <\/p>\n<p class=\"link-more\"><a href=\"https:\/\/sismar.myscispot.eu\/index.php\/wp1-desenho-do-sistema-e-prototipagem\/\" class=\"more-link\">Continue reading<span class=\"screen-reader-text\"> &#8220;WP1: Desenho do sistema e prototipagem&#8221;<\/span><\/a><\/p>\n","protected":false},"author":3,"featured_media":0,"parent":0,"menu_order":0,"comment_status":"closed","ping_status":"closed","template":"","meta":[],"_links":{"self":[{"href":"https:\/\/sismar.myscispot.eu\/index.php\/wp-json\/wp\/v2\/pages\/92"}],"collection":[{"href":"https:\/\/sismar.myscispot.eu\/index.php\/wp-json\/wp\/v2\/pages"}],"about":[{"href":"https:\/\/sismar.myscispot.eu\/index.php\/wp-json\/wp\/v2\/types\/page"}],"author":[{"embeddable":true,"href":"https:\/\/sismar.myscispot.eu\/index.php\/wp-json\/wp\/v2\/users\/3"}],"replies":[{"embeddable":true,"href":"https:\/\/sismar.myscispot.eu\/index.php\/wp-json\/wp\/v2\/comments?post=92"}],"version-history":[{"count":3,"href":"https:\/\/sismar.myscispot.eu\/index.php\/wp-json\/wp\/v2\/pages\/92\/revisions"}],"predecessor-version":[{"id":119,"href":"https:\/\/sismar.myscispot.eu\/index.php\/wp-json\/wp\/v2\/pages\/92\/revisions\/119"}],"wp:attachment":[{"href":"https:\/\/sismar.myscispot.eu\/index.php\/wp-json\/wp\/v2\/media?parent=92"}],"curies":[{"name":"wp","href":"https:\/\/api.w.org\/{rel}","templated":true}]}}