{"id":94,"date":"2019-07-23T14:58:13","date_gmt":"2019-07-23T14:58:13","guid":{"rendered":"http:\/\/sismar.myscispot.eu\/?page_id=94"},"modified":"2019-07-24T16:10:14","modified_gmt":"2019-07-24T16:10:14","slug":"wp2-desenvolvimento-e-instalacao-modular","status":"publish","type":"page","link":"https:\/\/sismar.myscispot.eu\/index.php\/wp2-desenvolvimento-e-instalacao-modular\/","title":{"rendered":"WP2: Desenvolvimento e instala\u00e7\u00e3o modular"},"content":{"rendered":"\n<p><strong>In\u00edcio: Outubro de 2019 <\/strong><\/p>\n\n\n\n<p><strong>Conclus\u00e3o: Setembro de 2020<\/strong><\/p>\n\n\n\n<p><strong>Tarefa\n2.1: <\/strong>Aquisi\u00e7\u00e3o e\npartilha de dados de localiza\u00e7\u00e3o e profundidade<\/p>\n\n\n\n<p><strong>Respons\u00e1vel\npela atividade: <\/strong>UA<\/p>\n\n\n\n<p><strong>Objetivo:<\/strong> Desenvolvimento, aquisi\u00e7\u00e3o e integra\u00e7\u00e3o dos v\u00e1rios componentes necess\u00e1rios para a instala\u00e7\u00e3o do sistema nas embarca\u00e7\u00f5es de recreio.<\/p>\n\n\n\n<p><strong>Tarefa\n2.2: <\/strong>Monitoriza\u00e7\u00e3o\nda visibilidade<\/p>\n\n\n\n<p><strong>Respons\u00e1vel\npela atividade: <\/strong>WAVEC<\/p>\n\n\n\n<p><strong>Objetivos:<\/strong> Desenvolvimento, aquisi\u00e7\u00e3o e integra\u00e7\u00e3o dos v\u00e1rios componentes necess\u00e1rios para a instala\u00e7\u00e3o do sistema de monitoriza\u00e7\u00e3o;<br>Instala\u00e7\u00e3o dos equipamentos nos locais  selecionados e desenvolvimento do software de identifica\u00e7\u00e3o da visibilidade em tempo real. <\/p>\n\n\n\n<p><strong>Tarefa\n2.3: <\/strong>Gest\u00e3o de\nDados <\/p>\n\n\n\n<p><strong>Respons\u00e1vel\npela atividade: <\/strong>HIDROMOD<\/p>\n\n\n\n<p><strong>Objetivo:<\/strong> Implementa\u00e7\u00e3o e operacionaliza\u00e7\u00e3o do modelo de dados.<\/p>\n\n\n\n<p><strong>Tarefa\n2.4: <\/strong>Aplica\u00e7\u00e3o\nM\u00f3vel<\/p>\n\n\n\n<p><strong>Respons\u00e1vel\npela atividade: <\/strong>HIDROMOD<\/p>\n\n\n\n<p><strong>Objetivo:<\/strong> Implementa\u00e7\u00e3o e operacionaliza\u00e7\u00e3o da Aplica\u00e7\u00e3o M\u00f3vel.<\/p>\n","protected":false},"excerpt":{"rendered":"<p>In\u00edcio: Outubro de 2019 Conclus\u00e3o: Setembro de 2020 Tarefa 2.1: Aquisi\u00e7\u00e3o e partilha de dados de localiza\u00e7\u00e3o e profundidade Respons\u00e1vel pela atividade: UA Objetivo: Desenvolvimento, aquisi\u00e7\u00e3o e integra\u00e7\u00e3o dos v\u00e1rios componentes necess\u00e1rios para a instala\u00e7\u00e3o do sistema nas embarca\u00e7\u00f5es de recreio. Tarefa 2.2: Monitoriza\u00e7\u00e3o da visibilidade Respons\u00e1vel pela atividade: WAVEC Objetivos: Desenvolvimento, aquisi\u00e7\u00e3o e integra\u00e7\u00e3o &hellip; <\/p>\n<p class=\"link-more\"><a href=\"https:\/\/sismar.myscispot.eu\/index.php\/wp2-desenvolvimento-e-instalacao-modular\/\" class=\"more-link\">Continue reading<span class=\"screen-reader-text\"> &#8220;WP2: Desenvolvimento e instala\u00e7\u00e3o modular&#8221;<\/span><\/a><\/p>\n","protected":false},"author":3,"featured_media":0,"parent":0,"menu_order":0,"comment_status":"closed","ping_status":"closed","template":"","meta":[],"_links":{"self":[{"href":"https:\/\/sismar.myscispot.eu\/index.php\/wp-json\/wp\/v2\/pages\/94"}],"collection":[{"href":"https:\/\/sismar.myscispot.eu\/index.php\/wp-json\/wp\/v2\/pages"}],"about":[{"href":"https:\/\/sismar.myscispot.eu\/index.php\/wp-json\/wp\/v2\/types\/page"}],"author":[{"embeddable":true,"href":"https:\/\/sismar.myscispot.eu\/index.php\/wp-json\/wp\/v2\/users\/3"}],"replies":[{"embeddable":true,"href":"https:\/\/sismar.myscispot.eu\/index.php\/wp-json\/wp\/v2\/comments?post=94"}],"version-history":[{"count":2,"href":"https:\/\/sismar.myscispot.eu\/index.php\/wp-json\/wp\/v2\/pages\/94\/revisions"}],"predecessor-version":[{"id":120,"href":"https:\/\/sismar.myscispot.eu\/index.php\/wp-json\/wp\/v2\/pages\/94\/revisions\/120"}],"wp:attachment":[{"href":"https:\/\/sismar.myscispot.eu\/index.php\/wp-json\/wp\/v2\/media?parent=94"}],"curies":[{"name":"wp","href":"https:\/\/api.w.org\/{rel}","templated":true}]}}