{"id":96,"date":"2019-07-23T15:05:47","date_gmt":"2019-07-23T15:05:47","guid":{"rendered":"http:\/\/sismar.myscispot.eu\/?page_id=96"},"modified":"2019-07-24T16:12:17","modified_gmt":"2019-07-24T16:12:17","slug":"wp3-integracao-e-operacao","status":"publish","type":"page","link":"https:\/\/sismar.myscispot.eu\/index.php\/wp3-integracao-e-operacao\/","title":{"rendered":"WP3: Integra\u00e7\u00e3o e Opera\u00e7\u00e3o"},"content":{"rendered":"\n<p><strong>In\u00edcio: Outubro de 2019 <\/strong><\/p>\n\n\n\n<p><strong>Conclus\u00e3o: Mar\u00e7o de 2021<\/strong><\/p>\n\n\n\n<p><strong>Tarefa\n3.1: <\/strong>Interliga\u00e7\u00e3o\nde M\u00f3dulos<\/p>\n\n\n\n<p><strong>Respons\u00e1vel\npela atividade: <\/strong>HIDROMOD<\/p>\n\n\n\n<p><strong>Objetivo:<\/strong> Garantir que todos os sub-sistemas desenvolvidos est\u00e3o operacionais.<\/p>\n\n\n\n<p><strong>Tarefa\n3.2: <\/strong>Explora\u00e7\u00e3o e\nAvalia\u00e7\u00e3o<\/p>\n\n\n\n<p><strong>Respons\u00e1vel\npela atividade: <\/strong>HIDROMOD<\/p>\n\n\n\n<p><strong>Objetivos<\/strong> Integra\u00e7\u00e3o dos diversos m\u00f3dulos desenvolvidos e preparadas as condi\u00e7\u00f5es para a avalia\u00e7\u00e3o piloto do sistema global.<\/p>\n\n\n\n<p><strong>Tarefa\n3.3: <\/strong>Manuten\u00e7\u00e3o:\nAtividades de manuten\u00e7\u00e3o da plataforma de software<\/p>\n\n\n\n<p><strong>Respons\u00e1vel\npela atividade: <\/strong>HIDROMOD<\/p>\n\n\n\n<p><strong>Objetivo:<\/strong> Atividades de manuten\u00e7\u00e3o da plataforma de software<\/p>\n","protected":false},"excerpt":{"rendered":"<p>In\u00edcio: Outubro de 2019 Conclus\u00e3o: Mar\u00e7o de 2021 Tarefa 3.1: Interliga\u00e7\u00e3o de M\u00f3dulos Respons\u00e1vel pela atividade: HIDROMOD Objetivo: Garantir que todos os sub-sistemas desenvolvidos est\u00e3o operacionais. Tarefa 3.2: Explora\u00e7\u00e3o e Avalia\u00e7\u00e3o Respons\u00e1vel pela atividade: HIDROMOD Objetivos Integra\u00e7\u00e3o dos diversos m\u00f3dulos desenvolvidos e preparadas as condi\u00e7\u00f5es para a avalia\u00e7\u00e3o piloto do sistema global. Tarefa 3.3: Manuten\u00e7\u00e3o: &hellip; <\/p>\n<p class=\"link-more\"><a href=\"https:\/\/sismar.myscispot.eu\/index.php\/wp3-integracao-e-operacao\/\" class=\"more-link\">Continue reading<span class=\"screen-reader-text\"> &#8220;WP3: Integra\u00e7\u00e3o e Opera\u00e7\u00e3o&#8221;<\/span><\/a><\/p>\n","protected":false},"author":3,"featured_media":0,"parent":0,"menu_order":0,"comment_status":"closed","ping_status":"closed","template":"","meta":[],"_links":{"self":[{"href":"https:\/\/sismar.myscispot.eu\/index.php\/wp-json\/wp\/v2\/pages\/96"}],"collection":[{"href":"https:\/\/sismar.myscispot.eu\/index.php\/wp-json\/wp\/v2\/pages"}],"about":[{"href":"https:\/\/sismar.myscispot.eu\/index.php\/wp-json\/wp\/v2\/types\/page"}],"author":[{"embeddable":true,"href":"https:\/\/sismar.myscispot.eu\/index.php\/wp-json\/wp\/v2\/users\/3"}],"replies":[{"embeddable":true,"href":"https:\/\/sismar.myscispot.eu\/index.php\/wp-json\/wp\/v2\/comments?post=96"}],"version-history":[{"count":2,"href":"https:\/\/sismar.myscispot.eu\/index.php\/wp-json\/wp\/v2\/pages\/96\/revisions"}],"predecessor-version":[{"id":121,"href":"https:\/\/sismar.myscispot.eu\/index.php\/wp-json\/wp\/v2\/pages\/96\/revisions\/121"}],"wp:attachment":[{"href":"https:\/\/sismar.myscispot.eu\/index.php\/wp-json\/wp\/v2\/media?parent=96"}],"curies":[{"name":"wp","href":"https:\/\/api.w.org\/{rel}","templated":true}]}}