{"id":98,"date":"2019-07-23T15:11:23","date_gmt":"2019-07-23T15:11:23","guid":{"rendered":"http:\/\/sismar.myscispot.eu\/?page_id=98"},"modified":"2019-07-24T16:13:01","modified_gmt":"2019-07-24T16:13:01","slug":"wp4-gestao-e-coordenacao","status":"publish","type":"page","link":"https:\/\/sismar.myscispot.eu\/index.php\/wp4-gestao-e-coordenacao\/","title":{"rendered":"WP4: Gest\u00e3o e Coordena\u00e7\u00e3o"},"content":{"rendered":"\n<p><strong>In\u00edcio: Abril de 2019 <\/strong><\/p>\n\n\n\n<p><strong>Conclus\u00e3o: Mar\u00e7o de 2021<\/strong><\/p>\n\n\n\n<p><strong>Tarefa\n4.1: <\/strong>Planeamento,\nRelat\u00f3rios t\u00e9cnicos e administrativos<\/p>\n\n\n\n<p><strong>Respons\u00e1vel\npela atividade: <\/strong>HIDROMOD<\/p>\n\n\n\n<p><strong>Objetivo:<\/strong> Gest\u00e3o geral do projeto, promovendo e monitorizando todas as atividades e resultados.<\/p>\n\n\n\n<p><strong>Tarefa\n4.2: <\/strong>Dissemina\u00e7\u00e3o<\/p>\n\n\n\n<p><strong>Respons\u00e1vel\npela atividade: <\/strong>UA<\/p>\n\n\n\n<p><strong>Objetivos:<\/strong> Garantir o envolvimento das partes interessadas (comunidade piscat\u00f3rias, centros de n\u00e1utica de recreio, portos, ISN, etc); Elabora\u00e7\u00e3o de um plano de dissemina\u00e7\u00e3o dirigido em particular aos utilizadores locais, mas incluindo tamb\u00e9m a participa\u00e7\u00e3o em eventos da especialidade, feiras e confer\u00eancias.<\/p>\n\n\n\n<p><strong>Tarefa\n4.3: <\/strong>Propriedade\nIntelectual<\/p>\n\n\n\n<p><strong>Respons\u00e1vel\npela atividade: <\/strong>WAVEC<\/p>\n\n\n\n<p><strong>Objetivo: <\/strong>Desenvolvimento e prote\u00e7\u00e3o da propriedade intelectual gerado no decorrer do projeto.<\/p>\n","protected":false},"excerpt":{"rendered":"<p>In\u00edcio: Abril de 2019 Conclus\u00e3o: Mar\u00e7o de 2021 Tarefa 4.1: Planeamento, Relat\u00f3rios t\u00e9cnicos e administrativos Respons\u00e1vel pela atividade: HIDROMOD Objetivo: Gest\u00e3o geral do projeto, promovendo e monitorizando todas as atividades e resultados. Tarefa 4.2: Dissemina\u00e7\u00e3o Respons\u00e1vel pela atividade: UA Objetivos: Garantir o envolvimento das partes interessadas (comunidade piscat\u00f3rias, centros de n\u00e1utica de recreio, portos, ISN, &hellip; <\/p>\n<p class=\"link-more\"><a href=\"https:\/\/sismar.myscispot.eu\/index.php\/wp4-gestao-e-coordenacao\/\" class=\"more-link\">Continue reading<span class=\"screen-reader-text\"> &#8220;WP4: Gest\u00e3o e Coordena\u00e7\u00e3o&#8221;<\/span><\/a><\/p>\n","protected":false},"author":3,"featured_media":0,"parent":0,"menu_order":0,"comment_status":"closed","ping_status":"closed","template":"","meta":[],"_links":{"self":[{"href":"https:\/\/sismar.myscispot.eu\/index.php\/wp-json\/wp\/v2\/pages\/98"}],"collection":[{"href":"https:\/\/sismar.myscispot.eu\/index.php\/wp-json\/wp\/v2\/pages"}],"about":[{"href":"https:\/\/sismar.myscispot.eu\/index.php\/wp-json\/wp\/v2\/types\/page"}],"author":[{"embeddable":true,"href":"https:\/\/sismar.myscispot.eu\/index.php\/wp-json\/wp\/v2\/users\/3"}],"replies":[{"embeddable":true,"href":"https:\/\/sismar.myscispot.eu\/index.php\/wp-json\/wp\/v2\/comments?post=98"}],"version-history":[{"count":2,"href":"https:\/\/sismar.myscispot.eu\/index.php\/wp-json\/wp\/v2\/pages\/98\/revisions"}],"predecessor-version":[{"id":122,"href":"https:\/\/sismar.myscispot.eu\/index.php\/wp-json\/wp\/v2\/pages\/98\/revisions\/122"}],"wp:attachment":[{"href":"https:\/\/sismar.myscispot.eu\/index.php\/wp-json\/wp\/v2\/media?parent=98"}],"curies":[{"name":"wp","href":"https:\/\/api.w.org\/{rel}","templated":true}]}}